{"id":3463,"date":"2018-04-17T10:44:34","date_gmt":"2018-04-17T07:44:34","guid":{"rendered":"https:\/\/movemaster.ee\/hinnaparing\/"},"modified":"2019-04-12T09:45:51","modified_gmt":"2019-04-12T06:45:51","slug":"hintatiedustelu","status":"publish","type":"page","link":"https:\/\/movemaster.ee\/fi\/hintatiedustelu\/","title":{"rendered":"HINTATIEDUSTELU"},"content":{"rendered":"\n<div class=\"wpcf7 no-js\" id=\"wpcf7-f3683-o1\" lang=\"et\" dir=\"ltr\">\n<div class=\"screen-reader-response\"><p role=\"status\" aria-live=\"polite\" aria-atomic=\"true\"><\/p> <ul><\/ul><\/div>\n<form action=\"\/fi\/wp-json\/wp\/v2\/pages\/3463#wpcf7-f3683-o1\" method=\"post\" class=\"wpcf7-form init\" aria-label=\"Contact form\" novalidate=\"novalidate\" data-status=\"init\">\n<div style=\"display: none;\">\n<input type=\"hidden\" name=\"_wpcf7\" value=\"3683\" \/>\n<input type=\"hidden\" name=\"_wpcf7_version\" value=\"5.9.4\" \/>\n<input type=\"hidden\" name=\"_wpcf7_locale\" value=\"et\" \/>\n<input type=\"hidden\" name=\"_wpcf7_unit_tag\" value=\"wpcf7-f3683-o1\" \/>\n<input type=\"hidden\" name=\"_wpcf7_container_post\" value=\"0\" \/>\n<input type=\"hidden\" name=\"_wpcf7_posted_data_hash\" value=\"\" \/>\n<input type=\"hidden\" name=\"_wpcf7_recaptcha_response\" value=\"\" \/>\n<\/div>\n<div class=\"price_query_wrap col-xs-12 col-md-offset-1\">\n\t<div class=\"form-group\">\n\t\t<div class=\"col-xs-12 col-md-6\">\n\t\t\t<p><label>Nimi<\/label><br \/>\n<span class=\"wpcf7-form-control-wrap\" data-name=\"your-name\"><input size=\"40\" class=\"wpcf7-form-control wpcf7-text wpcf7-validates-as-required\" aria-required=\"true\" aria-invalid=\"false\" value=\"\" type=\"text\" name=\"your-name\" \/><\/span>\n\t\t\t<\/p>\n\t\t<\/div>\n\t\t<div class=\"col-xs-12 col-md-6\">\n\t\t\t<p><label>S\u00e4hk\u00f6postiosoite<\/label><br \/>\n<span class=\"wpcf7-form-control-wrap\" data-name=\"your-email\"><input size=\"40\" class=\"wpcf7-form-control wpcf7-email wpcf7-validates-as-required wpcf7-text wpcf7-validates-as-email\" aria-required=\"true\" aria-invalid=\"false\" value=\"\" type=\"email\" name=\"your-email\" \/><\/span>\n\t\t\t<\/p>\n\t\t<\/div>\n\t\t<div class=\"col-xs-12 col-md-6\">\n\t\t\t<p><label>Puhelin<\/label><br \/>\n<span class=\"wpcf7-form-control-wrap\" data-name=\"phone\"><input size=\"40\" class=\"wpcf7-form-control wpcf7-tel wpcf7-validates-as-required wpcf7-text wpcf7-validates-as-tel\" aria-required=\"true\" aria-invalid=\"false\" value=\"\" type=\"tel\" name=\"phone\" \/><\/span>\n\t\t\t<\/p>\n\t\t<\/div>\n\t\t<div class=\"col-xs-12 col-md-6\">\n\t\t\t<p><label>Yritys<\/label><br \/>\n<span class=\"wpcf7-form-control-wrap\" data-name=\"company\"><input size=\"40\" class=\"wpcf7-form-control wpcf7-text\" aria-invalid=\"false\" value=\"\" type=\"text\" name=\"company\" \/><\/span>\n\t\t\t<\/p>\n\t\t<\/div>\n\t<\/div>\n\t<div class=\"form-group\">\n\t\t<div class=\"col-xs-12 col-md-6\">\n\t\t\t<p><label>Valitse palvelu<\/label><br \/>\n<span class=\"wpcf7-form-control-wrap\" data-name=\"service\"><select class=\"wpcf7-form-control wpcf7-select\" aria-invalid=\"false\" name=\"service\"><option value=\"Toimistomuutot\">Toimistomuutot<\/option><option value=\"Asuntomuutot\">Asuntomuutot<\/option><option value=\"Kansainv\u00e4linen muutto\">Kansainv\u00e4linen muutto<\/option><option value=\"Taide- ja n\u00e4yttelykuljetus\">Taide- ja n\u00e4yttelykuljetus<\/option><option value=\"Raskaiden ja ylimittaisten tavaroiden kuljetus\">Raskaiden ja ylimittaisten tavaroiden kuljetus<\/option><\/select><\/span>\n\t\t\t<\/p>\n\t\t<\/div>\n\t\t<div class=\"col-xs-12 col-md-6\">\n\t\t\t<p><label>Toivottu muuttop\u00e4iv\u00e4<\/label><br \/>\n<span class=\"wpcf7-form-control-wrap\" data-name=\"date_of_service\"><input size=\"40\" class=\"wpcf7-form-control wpcf7-text\" aria-invalid=\"false\" value=\"\" type=\"text\" name=\"date_of_service\" \/><\/span>\n\t\t\t<\/p>\n\t\t<\/div>\n\t<\/div>\n\t<div class=\"form-group_from_to\">\n\t\t<div class=\"form-group\">\n\t\t\t<div class=\"col-xs-12 col-md-6\" style=\"margin-top: 3em;\">\n\t\t\t\t<p><label>L\u00e4ht\u00f6paikka<\/label><br \/>\n<span class=\"wpcf7-form-control-wrap\" data-name=\"point_of_start\"><input size=\"40\" class=\"wpcf7-form-control wpcf7-text\" aria-invalid=\"false\" value=\"\" type=\"text\" name=\"point_of_start\" \/><\/span>\n\t\t\t\t<\/p>\n\t\t\t<\/div>\n\t\t\t<div class=\"col-xs-12 col-md-6\" style=\"margin-top: 3em;\">\n\t\t\t\t<p><label>M\u00e4\u00e4r\u00e4paikka<\/label><br \/>\n<span class=\"wpcf7-form-control-wrap\" data-name=\"point_of_delivery\"><input size=\"40\" class=\"wpcf7-form-control wpcf7-text\" aria-invalid=\"false\" value=\"\" type=\"text\" name=\"point_of_delivery\" \/><\/span>\n\t\t\t\t<\/p>\n\t\t\t<\/div>\n\t\t\t<div class=\"col-xs-12 col-md-6\">\n\t\t\t\t<p><label>L\u00e4ht\u00f6paikan kerros<\/label><br \/>\n<span class=\"wpcf7-form-control-wrap\" data-name=\"point_of_start_floor\"><input size=\"40\" class=\"wpcf7-form-control wpcf7-text\" aria-invalid=\"false\" value=\"\" type=\"text\" name=\"point_of_start_floor\" \/><\/span>\n\t\t\t\t<\/p>\n\t\t\t<\/div>\n\t\t\t<div class=\"col-xs-12 col-md-6\">\n\t\t\t\t<p><label>M\u00e4\u00e4r\u00e4paikan kerros<\/label><br \/>\n<span class=\"wpcf7-form-control-wrap\" data-name=\"point_of_delivery_floor\"><input size=\"40\" class=\"wpcf7-form-control wpcf7-text\" aria-invalid=\"false\" value=\"\" type=\"text\" name=\"point_of_delivery_floor\" \/><\/span>\n\t\t\t\t<\/p>\n\t\t\t<\/div>\n\t\t\t<div class=\"col-xs-12 col-md-6 lift_check\">\n\t\t\t\t<p><span class=\"wpcf7-form-control-wrap\" data-name=\"point_of_start_lift\"><span class=\"wpcf7-form-control wpcf7-checkbox\"><span class=\"wpcf7-list-item first last\"><input type=\"checkbox\" name=\"point_of_start_lift[]\" value=\"L\u00e4ht\u00f6paikassa on hissi\" \/><span class=\"wpcf7-list-item-label\">L\u00e4ht\u00f6paikassa on hissi<\/span><\/span><\/span><\/span>\n\t\t\t\t<\/p>\n\t\t\t<\/div>\n\t\t\t<div class=\"col-xs-12 col-md-6 lift_check\">\n\t\t\t\t<p><span class=\"wpcf7-form-control-wrap\" data-name=\"delivery_lift\"><span class=\"wpcf7-form-control wpcf7-checkbox\"><span class=\"wpcf7-list-item first last\"><input type=\"checkbox\" name=\"delivery_lift[]\" value=\"M\u00e4\u00e4r\u00e4paikassa on hissi\" \/><span class=\"wpcf7-list-item-label\">M\u00e4\u00e4r\u00e4paikassa on hissi<\/span><\/span><\/span><\/span>\n\t\t\t\t<\/p>\n\t\t\t<\/div>\n\t\t<\/div>\n\t<\/div>\n\t<div class=\"form-group\">\n\t\t<div class=\"col-xs-12 col-md-6\">\n\t\t\t<p><label>Lis\u00e4tiedot<\/label><br \/>\n<span class=\"wpcf7-form-control-wrap\" data-name=\"desc_of_items\"><textarea cols=\"40\" rows=\"10\" class=\"wpcf7-form-control wpcf7-textarea\" aria-invalid=\"false\" name=\"desc_of_items\"><\/textarea><\/span>\n\t\t\t<\/p>\n\t\t<\/div>\n\t\t<div class=\"col-xs-12 col-md-6\">\n\t\t\t<p><label>Lisainfo<\/label><br \/>\n<span class=\"wpcf7-form-control-wrap\" data-name=\"extra-message\"><textarea cols=\"40\" rows=\"10\" class=\"wpcf7-form-control wpcf7-textarea\" aria-invalid=\"false\" name=\"extra-message\"><\/textarea><\/span>\n\t\t\t<\/p>\n\t\t<\/div>\n\t<\/div>\n\t<div class=\"form-submit-group\">\n\t\t<p><input class=\"wpcf7-form-control wpcf7-submit has-spinner\" type=\"submit\" value=\"Pyyd\u00e4 tarjous\" \/>\n\t\t<\/p>\n\t<\/div>\n<\/div><div class=\"wpcf7-response-output\" aria-hidden=\"true\"><\/div>\n<\/form>\n<\/div>\n\n","protected":false},"excerpt":{"rendered":"Nimi S\u00e4hk\u00f6postiosoite Puhelin Yritys Valitse palvelu ToimistomuutotAsuntomuutotKansainv\u00e4linen muuttoTaide- ja n\u00e4yttelykuljetusRaskaiden ja ylimittaisten tavaroiden kuljetus Toivottu muuttop\u00e4iv\u00e4 L\u00e4ht\u00f6paikka M\u00e4\u00e4r\u00e4paikka L\u00e4ht\u00f6paikan kerros M\u00e4\u00e4r\u00e4paikan kerros L\u00e4ht\u00f6paikassa on hissi M\u00e4\u00e4r\u00e4paikassa on hissi Lis\u00e4tiedot Lisainfo","protected":false},"author":1,"featured_media":0,"parent":0,"menu_order":0,"comment_status":"closed","ping_status":"closed","template":"","meta":{"footnotes":""},"yoast_head":"<!-- This site is optimized with the Yoast SEO plugin v22.7 - https:\/\/yoast.com\/wordpress\/plugins\/seo\/ -->\n<title>HINTATIEDUSTELU - Movemaster<\/title>\n<meta name=\"description\" content=\"Ammattitaitoinen tiimimme tekee muuttamisesta helppoa! Meill\u00e4 on 25 vuoden kokemus. T\u00e4yt\u00e4 hintatiedustelu tai soita +372 5400 4000\" \/>\n<meta name=\"robots\" content=\"index, follow, max-snippet:-1, max-image-preview:large, max-video-preview:-1\" \/>\n<link rel=\"canonical\" href=\"https:\/\/movemaster.ee\/fi\/hintatiedustelu\/\" \/>\n<meta property=\"og:locale\" content=\"fi_FI\" \/>\n<meta property=\"og:type\" content=\"article\" \/>\n<meta property=\"og:title\" content=\"HINTATIEDUSTELU - Movemaster\" \/>\n<meta property=\"og:description\" content=\"Ammattitaitoinen tiimimme tekee muuttamisesta helppoa! Meill\u00e4 on 25 vuoden kokemus. T\u00e4yt\u00e4 hintatiedustelu tai soita +372 5400 4000\" \/>\n<meta property=\"og:url\" content=\"https:\/\/movemaster.ee\/fi\/hintatiedustelu\/\" \/>\n<meta property=\"og:site_name\" content=\"Movemaster\" \/>\n<meta property=\"article:modified_time\" content=\"2019-04-12T06:45:51+00:00\" \/>\n<meta name=\"twitter:card\" content=\"summary_large_image\" \/>\n<script type=\"application\/ld+json\" class=\"yoast-schema-graph\">{\"@context\":\"https:\/\/schema.org\",\"@graph\":[{\"@type\":\"WebPage\",\"@id\":\"https:\/\/movemaster.ee\/fi\/hintatiedustelu\/\",\"url\":\"https:\/\/movemaster.ee\/fi\/hintatiedustelu\/\",\"name\":\"HINTATIEDUSTELU - Movemaster\",\"isPartOf\":{\"@id\":\"https:\/\/movemaster.ee\/#website\"},\"datePublished\":\"2018-04-17T07:44:34+00:00\",\"dateModified\":\"2019-04-12T06:45:51+00:00\",\"description\":\"Ammattitaitoinen tiimimme tekee muuttamisesta helppoa! Meill\u00e4 on 25 vuoden kokemus. T\u00e4yt\u00e4 hintatiedustelu tai soita +372 5400 4000\",\"breadcrumb\":{\"@id\":\"https:\/\/movemaster.ee\/fi\/hintatiedustelu\/#breadcrumb\"},\"inLanguage\":\"fi\",\"potentialAction\":[{\"@type\":\"ReadAction\",\"target\":[\"https:\/\/movemaster.ee\/fi\/hintatiedustelu\/\"]}]},{\"@type\":\"BreadcrumbList\",\"@id\":\"https:\/\/movemaster.ee\/fi\/hintatiedustelu\/#breadcrumb\",\"itemListElement\":[{\"@type\":\"ListItem\",\"position\":1,\"name\":\"Home\",\"item\":\"https:\/\/movemaster.ee\/fi\/\"},{\"@type\":\"ListItem\",\"position\":2,\"name\":\"HINTATIEDUSTELU\"}]},{\"@type\":\"WebSite\",\"@id\":\"https:\/\/movemaster.ee\/#website\",\"url\":\"https:\/\/movemaster.ee\/\",\"name\":\"Movemaster\",\"description\":\"\",\"potentialAction\":[{\"@type\":\"SearchAction\",\"target\":{\"@type\":\"EntryPoint\",\"urlTemplate\":\"https:\/\/movemaster.ee\/?s={search_term_string}\"},\"query-input\":\"required name=search_term_string\"}],\"inLanguage\":\"fi\"}]}<\/script>\n<!-- \/ Yoast SEO plugin. -->","yoast_head_json":{"title":"HINTATIEDUSTELU - Movemaster","description":"Ammattitaitoinen tiimimme tekee muuttamisesta helppoa! Meill\u00e4 on 25 vuoden kokemus. T\u00e4yt\u00e4 hintatiedustelu tai soita +372 5400 4000","robots":{"index":"index","follow":"follow","max-snippet":"max-snippet:-1","max-image-preview":"max-image-preview:large","max-video-preview":"max-video-preview:-1"},"canonical":"https:\/\/movemaster.ee\/fi\/hintatiedustelu\/","og_locale":"fi_FI","og_type":"article","og_title":"HINTATIEDUSTELU - Movemaster","og_description":"Ammattitaitoinen tiimimme tekee muuttamisesta helppoa! Meill\u00e4 on 25 vuoden kokemus. T\u00e4yt\u00e4 hintatiedustelu tai soita +372 5400 4000","og_url":"https:\/\/movemaster.ee\/fi\/hintatiedustelu\/","og_site_name":"Movemaster","article_modified_time":"2019-04-12T06:45:51+00:00","twitter_card":"summary_large_image","schema":{"@context":"https:\/\/schema.org","@graph":[{"@type":"WebPage","@id":"https:\/\/movemaster.ee\/fi\/hintatiedustelu\/","url":"https:\/\/movemaster.ee\/fi\/hintatiedustelu\/","name":"HINTATIEDUSTELU - Movemaster","isPartOf":{"@id":"https:\/\/movemaster.ee\/#website"},"datePublished":"2018-04-17T07:44:34+00:00","dateModified":"2019-04-12T06:45:51+00:00","description":"Ammattitaitoinen tiimimme tekee muuttamisesta helppoa! Meill\u00e4 on 25 vuoden kokemus. T\u00e4yt\u00e4 hintatiedustelu tai soita +372 5400 4000","breadcrumb":{"@id":"https:\/\/movemaster.ee\/fi\/hintatiedustelu\/#breadcrumb"},"inLanguage":"fi","potentialAction":[{"@type":"ReadAction","target":["https:\/\/movemaster.ee\/fi\/hintatiedustelu\/"]}]},{"@type":"BreadcrumbList","@id":"https:\/\/movemaster.ee\/fi\/hintatiedustelu\/#breadcrumb","itemListElement":[{"@type":"ListItem","position":1,"name":"Home","item":"https:\/\/movemaster.ee\/fi\/"},{"@type":"ListItem","position":2,"name":"HINTATIEDUSTELU"}]},{"@type":"WebSite","@id":"https:\/\/movemaster.ee\/#website","url":"https:\/\/movemaster.ee\/","name":"Movemaster","description":"","potentialAction":[{"@type":"SearchAction","target":{"@type":"EntryPoint","urlTemplate":"https:\/\/movemaster.ee\/?s={search_term_string}"},"query-input":"required name=search_term_string"}],"inLanguage":"fi"}]}},"_links":{"self":[{"href":"https:\/\/movemaster.ee\/fi\/wp-json\/wp\/v2\/pages\/3463"}],"collection":[{"href":"https:\/\/movemaster.ee\/fi\/wp-json\/wp\/v2\/pages"}],"about":[{"href":"https:\/\/movemaster.ee\/fi\/wp-json\/wp\/v2\/types\/page"}],"author":[{"embeddable":true,"href":"https:\/\/movemaster.ee\/fi\/wp-json\/wp\/v2\/users\/1"}],"replies":[{"embeddable":true,"href":"https:\/\/movemaster.ee\/fi\/wp-json\/wp\/v2\/comments?post=3463"}],"version-history":[{"count":3,"href":"https:\/\/movemaster.ee\/fi\/wp-json\/wp\/v2\/pages\/3463\/revisions"}],"predecessor-version":[{"id":3689,"href":"https:\/\/movemaster.ee\/fi\/wp-json\/wp\/v2\/pages\/3463\/revisions\/3689"}],"wp:attachment":[{"href":"https:\/\/movemaster.ee\/fi\/wp-json\/wp\/v2\/media?parent=3463"}],"curies":[{"name":"wp","href":"https:\/\/api.w.org\/{rel}","templated":true}]}}