{"id":3449,"date":"2016-09-12T07:21:31","date_gmt":"2016-09-12T07:21:31","guid":{"rendered":"https:\/\/movemaster.ee\/teadmiseks\/"},"modified":"2019-04-12T09:50:02","modified_gmt":"2019-04-12T06:50:02","slug":"tiedoksi","status":"publish","type":"page","link":"https:\/\/movemaster.ee\/fi\/tiedoksi\/","title":{"rendered":"TIEDOKSI"},"content":{"rendered":"<p>[vc_row][vc_column width=&#8221;1\/2&#8243;][vc_tta_accordion shape=&#8221;square&#8221; spacing=&#8221;10&#8243; c_icon=&#8221;chevron&#8221; c_position=&#8221;right&#8221; active_section=&#8221;1&#8243; no_fill=&#8221;true&#8221;][vc_tta_section title=&#8221;LAADI MUUTTOSUUNNITELMA&#8221; tab_id=&#8221;1473664556897-bcaf274b-219c&#8221;][vc_column_text]Laadi muuttoa varten suunnitelma ja talousarvio. Tee luettelo toimenpiteist\u00e4 \u2013 n\u00e4in muuttop\u00e4iv\u00e4n\u00e4 ei unohdu mit\u00e4\u00e4n tarvittavaa ja samalla voit laskea hankkeen summittaisen hinnan. Kysy tarjousta useammalta muuttoliikkeelt\u00e4 ja kutsu tarvittaessa muuttoliikkeen edustaja suorittamaan muuttoa edelt\u00e4v\u00e4 katsaus.[\/vc_column_text][\/vc_tta_section][vc_tta_section title=&#8221;TARPEETTOMAT TAVARAT&#8221; tab_id=&#8221;1473664657773-aab4ef01-d27f&#8221;][vc_column_text]Lajittele ja luovu tavaroista, joita et tarvitse tai k\u00e4yt\u00e4. Lahjoita tarpeeton hyv\u00e4ntekev\u00e4isyyteen, vie myyntiin osto- ja myyntiliikkeeseen, kierr\u00e4tyskeskukseen, paperinker\u00e4ykseen tai heit\u00e4 pois. N\u00e4in Sinun ei pid\u00e4 maksaa ylim\u00e4\u00e4r\u00e4isten tavaroiden muutosta.[\/vc_column_text][\/vc_tta_section][vc_tta_section title=&#8221;\u00c4L\u00c4 LUOVU HARKITSEMATTA&#8221; tab_id=&#8221;1473664657053-6bbf8135-65fe&#8221;][vc_column_text]Muuttaessa l\u00f6yd\u00e4t tavaroita, joita et k\u00e4yt\u00e4 kovin usein. On j\u00e4rkev\u00e4\u00e4 kysy\u00e4 itselt\u00e4\u00e4n, miten usein niit\u00e4 tarvitset? Jos esineille ei ole ollut k\u00e4ytt\u00f6\u00e4 parina viime vuotena, voit harkita pois heitt\u00e4mist\u00e4.[\/vc_column_text][\/vc_tta_section][vc_tta_section title=&#8221;OIKEA PAKKAUSMATERIAALI&#8221; tab_id=&#8221;1473664656117-7dfa3e01-e51b&#8221;][vc_column_text]P\u00e4\u00e4t\u00e4 millaiset esineet (jos lainkaan) aiot pakata itse. K\u00e4yt\u00e4 muutossa oikean kokoisia ja vahvuisia laatikoita. Tyhjiss\u00e4 ja heikoissa laatikoissa esineet tahtovat s\u00e4rky\u00e4. My\u00f6s liian tiiviisti pakatut esineet voivat muutossa s\u00e4rky\u00e4. Kysy pakkausmateriaaleista ja pakkaustavoista tietoa muuttoliikkeelt\u00e4. Ripustettujen vaatteiden muuttoon pyyd\u00e4 muuttoliikkeelt\u00e4 ehdottomasti riippuville vaatteille tarkoitettuja laatikoita.<\/p>\n<p>[\/vc_column_text][\/vc_tta_section][vc_tta_section title=&#8221;MITEN PAKATA?&#8221; tab_id=&#8221;1473664711893-592f0a86-6a72&#8243;][vc_column_text]Suosittelemme pakkaamaan kirjat, vaatteet, vuodevaatteet, jalkineet yms. itse. Helposti s\u00e4rkyvien esineiden (astiat, matkamuistot, maalaukset, elektroniikkalaitteet ja kalusteet) osalta suosittelemme, ett\u00e4 j\u00e4tt\u00e4isit ne muuttoliikkeen pakattaviksi. Pakkaa samantapaiset esineet yhteen. Pakkaa huoneittain ja tiloittain. Pakkaa raskaat esineet (asiakirjat, kirjat yms.) pieniin laatikoihin. Pakkaa matkamuistot, astiat ja muut helposti s\u00e4rkyv\u00e4t esineet erikseen paperiin. K\u00e4yt\u00e4 tarvittaessa kuplamuovia tai muita pakkaustarvikkeita, sill\u00e4 rikkoutuneiden esineiden tilalle uusien ostaminen on varmasti kalliimpaa. Merkitse jokainen laatikko (kyltti).[\/vc_column_text][\/vc_tta_section][vc_tta_section title=&#8221;MERKINT\u00c4&#8221; tab_id=&#8221;1473664711163-6ee7d112-d196&#8243;][vc_column_text]Kirjoita kylttiin tiedot laatikon sis\u00e4ll\u00f6st\u00e4. Liimaa kyltti laatikon sivuun ja p\u00e4\u00e4lle. Merkinn\u00e4n perusteella muuttoliike vie muutettavat esineet suunnitelman mukaan haluttuihin tiloihin. T\u00e4m\u00e4 mahdollistaa nopeamman muuton ja tekee purkamisen helpommaksi. Tallenna muuttoliikkeen numero puhelimeesi. Ilmoita muuttoliikkeelle tarkka osoite ja tarkat ohjeet. [\/vc_column_text][\/vc_tta_section][\/vc_tta_accordion][\/vc_column][vc_column width=&#8221;1\/2&#8243;][vc_tta_accordion shape=&#8221;square&#8221; spacing=&#8221;10&#8243; c_icon=&#8221;chevron&#8221; c_position=&#8221;right&#8221; active_section=&#8221;&#8221; no_fill=&#8221;true&#8221; collapsible_all=&#8221;true&#8221;][vc_tta_section title=&#8221;MIT\u00c4 TULEE HUOMIOIDA TAIDEKULJETUKSESSA&#8221; tab_id=&#8221;1473664753213-06d3e06b-11ef&#8221;][vc_column_text]Taide-esineiden muutossa eritt\u00e4in t\u00e4rke\u00e4 osa on pakkaamisella.<br \/>\nTaide-esineiden pakkauksessa ovat voimassa tietyt s\u00e4\u00e4nn\u00f6st\u00f6t ja on m\u00e4\u00e4r\u00e4tty miten esineet tulee pakata ja millaisia materiaaleja tulee k\u00e4ytt\u00e4\u00e4. T\u00e4st\u00e4 huolimatta taiteen pakkaaminen on ala, jolla pit\u00e4\u00e4 olla eritt\u00e4in kekseli\u00e4s, sill\u00e4 jokainen maalaus, veistos ja koriste-esine on muodoltaan ja kooltaan hyvin erilainen ja vaatii oman ratkaisunsa.<br \/>\nSiksi suosittelemme uskomaan taideteosten pakkaamisen ja kuljetuksen t\u00e4m\u00e4n alan asiantuntijoiden huoleksi. Pyyd\u00e4 meilt\u00e4 tarjous!<br \/>\n[\/vc_column_text][\/vc_tta_section][vc_tta_section title=&#8221;MILLAISIA PAKKAUSMATERIAALEJA MUUTOSSA K\u00c4YTET\u00c4\u00c4N?&#8221; tab_id=&#8221;1473664753323-6de3c871-0f65&#8243;][vc_column_text]Pakkaaminen on ala, jolla tulee olla kekseli\u00e4s ja jokainen esine voi vaatia erilaista pakkaamista.<br \/>\nKalusteiden pakkaamisessa tulee ehdottomasti kiinnitt\u00e4\u00e4 huomiota niiden ulkoneviin osiin, ts. enemm\u00e4n huomiota vaativat kalusteiden kulmat ja nurkat. Pit\u00e4\u00e4 huomioida my\u00f6s se, ett\u00e4 irrotettavissa olevat osat (hyllyt ym.) tulee irrottaa.<br \/>\nPakkauslaatikoiden tulee ehdottomasti olla lujaa, viisikerroksista kartonkia. Varmistu siit\u00e4, ett\u00e4 kyseess\u00e4 ei ole uusiokartonki. Viisinkerroksinen kartonki on jopa pakollinen, varsinkin jos kyseess\u00e4 on maastavienti. Laatikoissa tulee olla k\u00e4denrei\u00e4t, jotka tekev\u00e4t tavaroiden muuton mukavammaksi.<br \/>\nMuutossa tulee aina k\u00e4ytt\u00e4\u00e4 oikean kokoisia ja vahvuisia laatikoita. Tyhj\u00e4t ja kolminkerroksiset laatikot tahtovat p\u00e4\u00e4llekk\u00e4in ladottuina vajota kasaan ja niiss\u00e4 olevat esineet saattavat s\u00e4rky\u00e4. Pakkauslaatikoiden lis\u00e4ksi muutossa on tarpeen k\u00e4ytt\u00e4\u00e4: kuplamuovia, aaltopahvia, pakkauskalvoa, rullakalvoa, pakkausteippi\u00e4, pakkauspaperia, kartonkinurkkia jne.<br \/>\n[\/vc_column_text][\/vc_tta_section][vc_tta_section title=&#8221;KANSAINV\u00c4LISEN MUUTON ERIKOISPIIRTEET&#8221; tab_id=&#8221;1517910291807-4a0ab925-d1f2&#8243;][vc_column_text]Kansainv\u00e4linen muutto vaatii vuosien kokemusta, tarkkuutta, asiakirjoja sek\u00e4 tulli- ja vakuutusprosessien tuntemusta. Maa-, meri- ja lentokuljetuksen tuntemus sek\u00e4 suuri ja luotettava yhteisty\u00f6kumppanien maailmanlaajuinen verkosto ovat my\u00f6s t\u00e4rkeit\u00e4.<\/p>\n<p>Kansainv\u00e4lisesti voi muuttaa erilaisia kuljetustapoja k\u00e4ytt\u00e4en:<\/p>\n<ul>\n<li>Autokuljetus \u2013 Eurooppaan muutettaessa on j\u00e4rkevint\u00e4 k\u00e4ytt\u00e4\u00e4 autokuljetusta. Valitse sellainen muuttopalvelua tarjoava yritys, joka k\u00e4ytt\u00e4\u00e4 joko omia kuljetusv\u00e4lineit\u00e4\u00e4n tai huolella valittuja kuljetuskumppaneita, joilla on olemassa kaikki kuljetuspalvelun tarjoamisessa tarvittavat luvat sek\u00e4 koulutetut ja ammattitaitoiset kuljettajat. Autokuljetus Eurooppaan saattaa vied\u00e4 n. 7 p\u00e4iv\u00e4\u00e4. Ennen muuttoa p\u00e4iv\u00e4m\u00e4\u00e4r\u00e4t ja aikataulut on t\u00e4smennett\u00e4v\u00e4 muuttoliikkeen kanssa.<\/li>\n<li>Merikuljetus \u2013 Euroopan ulkopuolelle muutettaessa k\u00e4ytet\u00e4\u00e4n merikuljetusta. Valitse muuttoliike, joka suorittaa kaikki tullimuodollisuudet ja jolla on sopimukset kaikkien suurempien laivayhti\u00f6iden kanssa. Laivayhti\u00f6t valitaan kohteen ja asiakkaalle tarjottavan edullisimman palvelun mukaan. Asiakkaan henkil\u00f6kohtaisten esineiden m\u00e4\u00e4rien mukaisesti muuttoon k\u00e4ytet\u00e4\u00e4n joko osakonttia tai 20 tai 40 jalan konttia. Merikuljetuksena muuttaminen kest\u00e4\u00e4 maanosasta riippuen 30\u201360 p\u00e4iv\u00e4\u00e4. Usein v\u00e4ltt\u00e4m\u00e4tt\u00f6mimpien esineiden pienten m\u00e4\u00e4rien muuttoon k\u00e4ytet\u00e4\u00e4n lentol\u00e4hetyst\u00e4 ja muut esineet muutetaan meril\u00e4hetyksen\u00e4.<\/li>\n<li>Lentokuljetus \u2013 pienempien tavaram\u00e4\u00e4rien tai nopeampaa perille saapumista vaativien muuttojen osalta k\u00e4ytet\u00e4\u00e4n lentokuljetusta. Valitse yritys, joka suorittaa kaikki tullimuodollisuudet ja on kaikkien lentoyhti\u00f6iden agentti ja voi siten tarjota Sinulle parhaan hinnan. Lentokuljetuksena muuttoaika on n. seitsem\u00e4n p\u00e4iv\u00e4\u00e4.<\/li>\n<\/ul>\n<p>&nbsp;<\/p>\n<p>Hyvin paljon kansainv\u00e4lisi\u00e4 muuttoja tapahtuu kes\u00e4kuukausina. Jos suunnittelet muuttoa tuoksi ajaksi, suosittelemme kysym\u00e4\u00e4n tarjousta ja sopimaan toivotut p\u00e4iv\u00e4m\u00e4\u00e4r\u00e4t ajoissa.[\/vc_column_text][\/vc_tta_section][vc_tta_section title=&#8221;MUUTTOTAVAROITA KOSKEVAT RAJOITUKSET&#8221; tab_id=&#8221;1517910312884-a18005e0-fb9a&#8221;][vc_column_text]Euroopan unionissa muutettaville esineille ei ole erityisi\u00e4 rajoituksia (alkoholikin on sallittu). Euroopan unionin ulkopuolelle muutettaessa eri maihin on erilaisia rajoituksia. Ennen muuttoa on j\u00e4rkev\u00e4\u00e4 tiedustella muuttoliikkeen kautta kaikkia rajoituksia, joita muuttokohdemaassasi on voimassa.[\/vc_column_text][\/vc_tta_section][vc_tta_section title=&#8221;TARKISTA T\u00c4RKE\u00c4T TAVARAT&#8221; tab_id=&#8221;1523969676207-5911436d-671d&#8221;][vc_column_text]Tee tietokoneen kovalevyst\u00e4 varakopio. Tarkista uudessa kodissa saapuneet kalusteet ja laatikot heti. Mik\u00e4li vaurioita ilmenee, ilmoita niist\u00e4 heti muuttoliikkeen edustajalle ja tee asiaa koskeva merkint\u00e4 ty\u00f6m\u00e4\u00e4r\u00e4ykseen.[\/vc_column_text][\/vc_tta_section][vc_tta_section title=&#8221;LAPSET&#8221; tab_id=&#8221;1523969656104-6e2baedc-e7ab&#8221;][vc_column_text]J\u00e4rjest\u00e4 lastenhoito ajoissa.[\/vc_column_text][\/vc_tta_section][\/vc_tta_accordion][\/vc_column][\/vc_row]<\/p>\n","protected":false},"excerpt":{"rendered":"<p>[vc_row][vc_column width=&#8221;1\/2&#8243;][vc_tta_accordion shape=&#8221;square&#8221; spacing=&#8221;10&#8243; c_icon=&#8221;chevron&#8221; c_position=&#8221;right&#8221; active_section=&#8221;1&#8243; no_fill=&#8221;true&#8221;][vc_tta_section title=&#8221;LAADI MUUTTOSUUNNITELMA&#8221; tab_id=&#8221;1473664556897-bcaf274b-219c&#8221;][vc_column_text]Laadi muuttoa varten suunnitelma ja talousarvio. Tee luettelo toimenpiteist\u00e4 \u2013 n\u00e4in muuttop\u00e4iv\u00e4n\u00e4 ei unohdu mit\u00e4\u00e4n tarvittavaa ja samalla voit laskea hankkeen summittaisen hinnan. Kysy tarjousta useammalta muuttoliikkeelt\u00e4 ja kutsu tarvittaessa muuttoliikkeen edustaja suorittamaan muuttoa edelt\u00e4v\u00e4 katsaus.[\/vc_column_text][\/vc_tta_section][vc_tta_section title=&#8221;TARPEETTOMAT TAVARAT&#8221; tab_id=&#8221;1473664657773-aab4ef01-d27f&#8221;][vc_column_text]Lajittele ja luovu tavaroista, joita et tarvitse [&hellip;]<\/p>\n","protected":false},"author":1,"featured_media":0,"parent":0,"menu_order":0,"comment_status":"closed","ping_status":"closed","template":"","meta":{"footnotes":""},"yoast_head":"<!-- This site is optimized with the Yoast SEO plugin v22.7 - https:\/\/yoast.com\/wordpress\/plugins\/seo\/ -->\n<title>TIEDOKSI - Movemaster<\/title>\n<meta name=\"description\" content=\"Hy\u00f6dyllist\u00e4 tietoa muuttoa suunnittelevalle. Lue MoveMasterin ammattilaisten suositukset, jotta kaikki sujuisi nopeasti ja mukavasti!\" \/>\n<meta name=\"robots\" content=\"index, follow, max-snippet:-1, max-image-preview:large, max-video-preview:-1\" \/>\n<link rel=\"canonical\" href=\"https:\/\/movemaster.ee\/fi\/tiedoksi\/\" \/>\n<meta property=\"og:locale\" content=\"fi_FI\" \/>\n<meta property=\"og:type\" content=\"article\" \/>\n<meta property=\"og:title\" content=\"TIEDOKSI - Movemaster\" \/>\n<meta property=\"og:description\" content=\"Hy\u00f6dyllist\u00e4 tietoa muuttoa suunnittelevalle. Lue MoveMasterin ammattilaisten suositukset, jotta kaikki sujuisi nopeasti ja mukavasti!\" \/>\n<meta property=\"og:url\" content=\"https:\/\/movemaster.ee\/fi\/tiedoksi\/\" \/>\n<meta property=\"og:site_name\" content=\"Movemaster\" \/>\n<meta property=\"article:modified_time\" content=\"2019-04-12T06:50:02+00:00\" \/>\n<meta name=\"twitter:card\" content=\"summary_large_image\" \/>\n<meta name=\"twitter:label1\" content=\"Arvioitu lukuaika\" \/>\n\t<meta name=\"twitter:data1\" content=\"6 minuuttia\" \/>\n<script type=\"application\/ld+json\" class=\"yoast-schema-graph\">{\"@context\":\"https:\/\/schema.org\",\"@graph\":[{\"@type\":\"WebPage\",\"@id\":\"https:\/\/movemaster.ee\/fi\/tiedoksi\/\",\"url\":\"https:\/\/movemaster.ee\/fi\/tiedoksi\/\",\"name\":\"TIEDOKSI - Movemaster\",\"isPartOf\":{\"@id\":\"https:\/\/movemaster.ee\/#website\"},\"datePublished\":\"2016-09-12T07:21:31+00:00\",\"dateModified\":\"2019-04-12T06:50:02+00:00\",\"description\":\"Hy\u00f6dyllist\u00e4 tietoa muuttoa suunnittelevalle. Lue MoveMasterin ammattilaisten suositukset, jotta kaikki sujuisi nopeasti ja mukavasti!\",\"breadcrumb\":{\"@id\":\"https:\/\/movemaster.ee\/fi\/tiedoksi\/#breadcrumb\"},\"inLanguage\":\"fi\",\"potentialAction\":[{\"@type\":\"ReadAction\",\"target\":[\"https:\/\/movemaster.ee\/fi\/tiedoksi\/\"]}]},{\"@type\":\"BreadcrumbList\",\"@id\":\"https:\/\/movemaster.ee\/fi\/tiedoksi\/#breadcrumb\",\"itemListElement\":[{\"@type\":\"ListItem\",\"position\":1,\"name\":\"Home\",\"item\":\"https:\/\/movemaster.ee\/fi\/\"},{\"@type\":\"ListItem\",\"position\":2,\"name\":\"TIEDOKSI\"}]},{\"@type\":\"WebSite\",\"@id\":\"https:\/\/movemaster.ee\/#website\",\"url\":\"https:\/\/movemaster.ee\/\",\"name\":\"Movemaster\",\"description\":\"\",\"potentialAction\":[{\"@type\":\"SearchAction\",\"target\":{\"@type\":\"EntryPoint\",\"urlTemplate\":\"https:\/\/movemaster.ee\/?s={search_term_string}\"},\"query-input\":\"required name=search_term_string\"}],\"inLanguage\":\"fi\"}]}<\/script>\n<!-- \/ Yoast SEO plugin. -->","yoast_head_json":{"title":"TIEDOKSI - Movemaster","description":"Hy\u00f6dyllist\u00e4 tietoa muuttoa suunnittelevalle. Lue MoveMasterin ammattilaisten suositukset, jotta kaikki sujuisi nopeasti ja mukavasti!","robots":{"index":"index","follow":"follow","max-snippet":"max-snippet:-1","max-image-preview":"max-image-preview:large","max-video-preview":"max-video-preview:-1"},"canonical":"https:\/\/movemaster.ee\/fi\/tiedoksi\/","og_locale":"fi_FI","og_type":"article","og_title":"TIEDOKSI - Movemaster","og_description":"Hy\u00f6dyllist\u00e4 tietoa muuttoa suunnittelevalle. Lue MoveMasterin ammattilaisten suositukset, jotta kaikki sujuisi nopeasti ja mukavasti!","og_url":"https:\/\/movemaster.ee\/fi\/tiedoksi\/","og_site_name":"Movemaster","article_modified_time":"2019-04-12T06:50:02+00:00","twitter_card":"summary_large_image","twitter_misc":{"Arvioitu lukuaika":"6 minuuttia"},"schema":{"@context":"https:\/\/schema.org","@graph":[{"@type":"WebPage","@id":"https:\/\/movemaster.ee\/fi\/tiedoksi\/","url":"https:\/\/movemaster.ee\/fi\/tiedoksi\/","name":"TIEDOKSI - Movemaster","isPartOf":{"@id":"https:\/\/movemaster.ee\/#website"},"datePublished":"2016-09-12T07:21:31+00:00","dateModified":"2019-04-12T06:50:02+00:00","description":"Hy\u00f6dyllist\u00e4 tietoa muuttoa suunnittelevalle. Lue MoveMasterin ammattilaisten suositukset, jotta kaikki sujuisi nopeasti ja mukavasti!","breadcrumb":{"@id":"https:\/\/movemaster.ee\/fi\/tiedoksi\/#breadcrumb"},"inLanguage":"fi","potentialAction":[{"@type":"ReadAction","target":["https:\/\/movemaster.ee\/fi\/tiedoksi\/"]}]},{"@type":"BreadcrumbList","@id":"https:\/\/movemaster.ee\/fi\/tiedoksi\/#breadcrumb","itemListElement":[{"@type":"ListItem","position":1,"name":"Home","item":"https:\/\/movemaster.ee\/fi\/"},{"@type":"ListItem","position":2,"name":"TIEDOKSI"}]},{"@type":"WebSite","@id":"https:\/\/movemaster.ee\/#website","url":"https:\/\/movemaster.ee\/","name":"Movemaster","description":"","potentialAction":[{"@type":"SearchAction","target":{"@type":"EntryPoint","urlTemplate":"https:\/\/movemaster.ee\/?s={search_term_string}"},"query-input":"required name=search_term_string"}],"inLanguage":"fi"}]}},"_links":{"self":[{"href":"https:\/\/movemaster.ee\/fi\/wp-json\/wp\/v2\/pages\/3449"}],"collection":[{"href":"https:\/\/movemaster.ee\/fi\/wp-json\/wp\/v2\/pages"}],"about":[{"href":"https:\/\/movemaster.ee\/fi\/wp-json\/wp\/v2\/types\/page"}],"author":[{"embeddable":true,"href":"https:\/\/movemaster.ee\/fi\/wp-json\/wp\/v2\/users\/1"}],"replies":[{"embeddable":true,"href":"https:\/\/movemaster.ee\/fi\/wp-json\/wp\/v2\/comments?post=3449"}],"version-history":[{"count":3,"href":"https:\/\/movemaster.ee\/fi\/wp-json\/wp\/v2\/pages\/3449\/revisions"}],"predecessor-version":[{"id":3655,"href":"https:\/\/movemaster.ee\/fi\/wp-json\/wp\/v2\/pages\/3449\/revisions\/3655"}],"wp:attachment":[{"href":"https:\/\/movemaster.ee\/fi\/wp-json\/wp\/v2\/media?parent=3449"}],"curies":[{"name":"wp","href":"https:\/\/api.w.org\/{rel}","templated":true}]}}