{"id":3375,"date":"2018-02-06T11:59:35","date_gmt":"2018-02-06T09:59:35","guid":{"rendered":"https:\/\/movemaster.ee\/meist\/"},"modified":"2024-03-06T12:39:19","modified_gmt":"2024-03-06T10:39:19","slug":"meista","status":"publish","type":"page","link":"https:\/\/movemaster.ee\/fi\/meista\/","title":{"rendered":"MEIST\u00c4"},"content":{"rendered":"<p>[vc_row][vc_column][vc_single_image image=&#8221;3250&#8243; img_size=&#8221;large&#8221; alignment=&#8221;center&#8221;][g5plus_space desktop=&#8221;35&#8243; tablet=&#8221;35&#8243; tablet_portrait=&#8221;35&#8243; mobile_landscape=&#8221;35&#8243; mobile=&#8221;35&#8243;][\/vc_column][\/vc_row][vc_row][vc_column][vc_column_text]<strong>MoveMaster O\u00dc<\/strong> on virolainen muuttoliike, jolla on kokenein ja luotettavin henkil\u00f6st\u00f6.<\/p>\n<p>Missiomme on joustavan ja laadukkaan muuttopalvelun tarjoaminen kohtuulliseen hintaan.<\/p>\n<p>Jokainen asiakas ja muuttoty\u00f6 on meille t\u00e4rke\u00e4. Pitk\u00e4\u00e4n kokemukseemme nojautuen k\u00e4sittelemme aina jokaista hanketta yksil\u00f6llisesti.<\/p>\n<p>Selvit\u00e4mme asiakkaan toiveet ja tarpeet, joiden pohjalta laadimme sopivimman muuttosuunnitelman.<\/p>\n<p>Kun valitset muuttokuljetuskumppaniksesi MoveMaster O\u00dc:n, takaamme Sinulle parhaan palvelun ja my\u00f6nteisen kokemuksen.<\/p>\n<p>Pyyd\u00e4 tarjous, suoritamme muuttoa edelt\u00e4v\u00e4n katsauksen Tallinnan alueella ilmaiseksi!<\/p>\n<p>Meill\u00e4 on yhteisty\u00f6kumppanit Viron suurimmissa kaupungeissa.<br \/>\n[\/vc_column_text][g5plus_space desktop=&#8221;30&#8243; tablet=&#8221;30&#8243; tablet_portrait=&#8221;30&#8243; mobile_landscape=&#8221;30&#8243; mobile=&#8221;30&#8243;][\/vc_column][\/vc_row][vc_row][vc_column width=&#8221;1\/3&#8243;][vc_single_image image=&#8221;3258&#8243; img_size=&#8221;medium&#8221; alignment=&#8221;center&#8221; onclick=&#8221;img_link_large&#8221;][\/vc_column][vc_column width=&#8221;1\/3&#8243;][vc_single_image image=&#8221;3253&#8243; img_size=&#8221;medium&#8221; alignment=&#8221;center&#8221; onclick=&#8221;img_link_large&#8221;][\/vc_column][vc_column width=&#8221;1\/3&#8243;][vc_single_image image=&#8221;3270&#8243; img_size=&#8221;medium&#8221; alignment=&#8221;center&#8221; onclick=&#8221;img_link_large&#8221;][\/vc_column][\/vc_row][vc_row][vc_column][g5plus_space desktop=&#8221;50&#8243; tablet=&#8221;30&#8243; tablet_portrait=&#8221;30&#8243; mobile_landscape=&#8221;30&#8243; mobile=&#8221;30&#8243;][\/vc_column][\/vc_row][vc_row][vc_column width=&#8221;1\/3&#8243;][vc_single_image image=&#8221;4583&#8243; img_size=&#8221;medium&#8221; alignment=&#8221;center&#8221; onclick=&#8221;img_link_large&#8221;][\/vc_column][vc_column width=&#8221;1\/3&#8243;][\/vc_column][vc_column width=&#8221;1\/3&#8243;][\/vc_column][\/vc_row][vc_row][vc_column][g5plus_space desktop=&#8221;90&#8243; tablet=&#8221;70&#8243; tablet_portrait=&#8221;60&#8243; mobile_landscape=&#8221;50&#8243; mobile=&#8221;40&#8243;][vc_raw_html]JTVCZG9jdW1lbnRzJTVE[\/vc_raw_html][\/vc_column][\/vc_row][vc_row][vc_column][g5plus_space desktop=&#8221;90&#8243; tablet=&#8221;70&#8243; tablet_portrait=&#8221;60&#8243; mobile_landscape=&#8221;50&#8243; mobile=&#8221;40&#8243;][\/vc_column][\/vc_row][vc_row][vc_column width=&#8221;1\/3&#8243;][g5plus_counter title=&#8221;vuoden kokemus&#8221; end=&#8221;39&#8243; counter_style=&#8221;style-center&#8221; add_icon=&#8221;yes&#8221; icon_font=&#8221;fa fa-thumbs-o-up&#8221;][\/vc_column][vc_column width=&#8221;1\/3&#8243;][g5plus_counter title=&#8221;suoritettua muuttoa&#8221; end=&#8221;6523&#8243; counter_style=&#8221;style-center&#8221; add_icon=&#8221;yes&#8221; icon_font=&#8221;flaticon-truck&#8221;][\/vc_column][vc_column width=&#8221;1\/3&#8243;][g5plus_counter title=&#8221;muuttojen kohdemaata&#8221; end=&#8221;147&#8243; counter_style=&#8221;style-center&#8221; add_icon=&#8221;yes&#8221; icon_font=&#8221;fa fa-globe&#8221;][\/vc_column][\/vc_row]<\/p>\n","protected":false},"excerpt":{"rendered":"<p>[vc_row][vc_column][vc_single_image image=&#8221;3250&#8243; img_size=&#8221;large&#8221; alignment=&#8221;center&#8221;][g5plus_space desktop=&#8221;35&#8243; tablet=&#8221;35&#8243; tablet_portrait=&#8221;35&#8243; mobile_landscape=&#8221;35&#8243; mobile=&#8221;35&#8243;][\/vc_column][\/vc_row][vc_row][vc_column][vc_column_text]MoveMaster O\u00dc on virolainen muuttoliike, jolla on kokenein ja luotettavin henkil\u00f6st\u00f6. Missiomme on joustavan ja laadukkaan muuttopalvelun tarjoaminen kohtuulliseen hintaan. Jokainen asiakas ja muuttoty\u00f6 on meille t\u00e4rke\u00e4. Pitk\u00e4\u00e4n kokemukseemme nojautuen k\u00e4sittelemme aina jokaista hanketta yksil\u00f6llisesti. Selvit\u00e4mme asiakkaan toiveet ja tarpeet, joiden pohjalta laadimme sopivimman muuttosuunnitelman. Kun valitset [&hellip;]<\/p>\n","protected":false},"author":1,"featured_media":0,"parent":0,"menu_order":0,"comment_status":"closed","ping_status":"closed","template":"","meta":{"footnotes":""},"yoast_head":"<!-- This site is optimized with the Yoast SEO plugin v22.7 - https:\/\/yoast.com\/wordpress\/plugins\/seo\/ -->\n<title>MEIST\u00c4 - Movemaster<\/title>\n<meta name=\"description\" content=\"MoveMaster O\u00dc on Viron kokenein ja luotettavin muuttofirma. Joustava ja laadukas muuttopalvelu kohtuulliseen hintaan. Puh.: +372 5400 4000\" \/>\n<meta name=\"robots\" content=\"index, follow, max-snippet:-1, max-image-preview:large, max-video-preview:-1\" \/>\n<link rel=\"canonical\" href=\"https:\/\/movemaster.ee\/fi\/meista\/\" \/>\n<meta property=\"og:locale\" content=\"fi_FI\" \/>\n<meta property=\"og:type\" content=\"article\" \/>\n<meta property=\"og:title\" content=\"MEIST\u00c4 - Movemaster\" \/>\n<meta property=\"og:description\" content=\"MoveMaster O\u00dc on Viron kokenein ja luotettavin muuttofirma. Joustava ja laadukas muuttopalvelu kohtuulliseen hintaan. Puh.: +372 5400 4000\" \/>\n<meta property=\"og:url\" content=\"https:\/\/movemaster.ee\/fi\/meista\/\" \/>\n<meta property=\"og:site_name\" content=\"Movemaster\" \/>\n<meta property=\"article:modified_time\" content=\"2024-03-06T10:39:19+00:00\" \/>\n<meta name=\"twitter:card\" content=\"summary_large_image\" \/>\n<meta name=\"twitter:label1\" content=\"Arvioitu lukuaika\" \/>\n\t<meta name=\"twitter:data1\" content=\"1 minuutti\" \/>\n<script type=\"application\/ld+json\" class=\"yoast-schema-graph\">{\"@context\":\"https:\/\/schema.org\",\"@graph\":[{\"@type\":\"WebPage\",\"@id\":\"https:\/\/movemaster.ee\/fi\/meista\/\",\"url\":\"https:\/\/movemaster.ee\/fi\/meista\/\",\"name\":\"MEIST\u00c4 - Movemaster\",\"isPartOf\":{\"@id\":\"https:\/\/movemaster.ee\/#website\"},\"datePublished\":\"2018-02-06T09:59:35+00:00\",\"dateModified\":\"2024-03-06T10:39:19+00:00\",\"description\":\"MoveMaster O\u00dc on Viron kokenein ja luotettavin muuttofirma. Joustava ja laadukas muuttopalvelu kohtuulliseen hintaan. Puh.: +372 5400 4000\",\"breadcrumb\":{\"@id\":\"https:\/\/movemaster.ee\/fi\/meista\/#breadcrumb\"},\"inLanguage\":\"fi\",\"potentialAction\":[{\"@type\":\"ReadAction\",\"target\":[\"https:\/\/movemaster.ee\/fi\/meista\/\"]}]},{\"@type\":\"BreadcrumbList\",\"@id\":\"https:\/\/movemaster.ee\/fi\/meista\/#breadcrumb\",\"itemListElement\":[{\"@type\":\"ListItem\",\"position\":1,\"name\":\"Home\",\"item\":\"https:\/\/movemaster.ee\/fi\/\"},{\"@type\":\"ListItem\",\"position\":2,\"name\":\"MEIST\u00c4\"}]},{\"@type\":\"WebSite\",\"@id\":\"https:\/\/movemaster.ee\/#website\",\"url\":\"https:\/\/movemaster.ee\/\",\"name\":\"Movemaster\",\"description\":\"\",\"potentialAction\":[{\"@type\":\"SearchAction\",\"target\":{\"@type\":\"EntryPoint\",\"urlTemplate\":\"https:\/\/movemaster.ee\/?s={search_term_string}\"},\"query-input\":\"required name=search_term_string\"}],\"inLanguage\":\"fi\"}]}<\/script>\n<!-- \/ Yoast SEO plugin. -->","yoast_head_json":{"title":"MEIST\u00c4 - Movemaster","description":"MoveMaster O\u00dc on Viron kokenein ja luotettavin muuttofirma. Joustava ja laadukas muuttopalvelu kohtuulliseen hintaan. Puh.: +372 5400 4000","robots":{"index":"index","follow":"follow","max-snippet":"max-snippet:-1","max-image-preview":"max-image-preview:large","max-video-preview":"max-video-preview:-1"},"canonical":"https:\/\/movemaster.ee\/fi\/meista\/","og_locale":"fi_FI","og_type":"article","og_title":"MEIST\u00c4 - Movemaster","og_description":"MoveMaster O\u00dc on Viron kokenein ja luotettavin muuttofirma. Joustava ja laadukas muuttopalvelu kohtuulliseen hintaan. Puh.: +372 5400 4000","og_url":"https:\/\/movemaster.ee\/fi\/meista\/","og_site_name":"Movemaster","article_modified_time":"2024-03-06T10:39:19+00:00","twitter_card":"summary_large_image","twitter_misc":{"Arvioitu lukuaika":"1 minuutti"},"schema":{"@context":"https:\/\/schema.org","@graph":[{"@type":"WebPage","@id":"https:\/\/movemaster.ee\/fi\/meista\/","url":"https:\/\/movemaster.ee\/fi\/meista\/","name":"MEIST\u00c4 - Movemaster","isPartOf":{"@id":"https:\/\/movemaster.ee\/#website"},"datePublished":"2018-02-06T09:59:35+00:00","dateModified":"2024-03-06T10:39:19+00:00","description":"MoveMaster O\u00dc on Viron kokenein ja luotettavin muuttofirma. Joustava ja laadukas muuttopalvelu kohtuulliseen hintaan. Puh.: +372 5400 4000","breadcrumb":{"@id":"https:\/\/movemaster.ee\/fi\/meista\/#breadcrumb"},"inLanguage":"fi","potentialAction":[{"@type":"ReadAction","target":["https:\/\/movemaster.ee\/fi\/meista\/"]}]},{"@type":"BreadcrumbList","@id":"https:\/\/movemaster.ee\/fi\/meista\/#breadcrumb","itemListElement":[{"@type":"ListItem","position":1,"name":"Home","item":"https:\/\/movemaster.ee\/fi\/"},{"@type":"ListItem","position":2,"name":"MEIST\u00c4"}]},{"@type":"WebSite","@id":"https:\/\/movemaster.ee\/#website","url":"https:\/\/movemaster.ee\/","name":"Movemaster","description":"","potentialAction":[{"@type":"SearchAction","target":{"@type":"EntryPoint","urlTemplate":"https:\/\/movemaster.ee\/?s={search_term_string}"},"query-input":"required name=search_term_string"}],"inLanguage":"fi"}]}},"_links":{"self":[{"href":"https:\/\/movemaster.ee\/fi\/wp-json\/wp\/v2\/pages\/3375"}],"collection":[{"href":"https:\/\/movemaster.ee\/fi\/wp-json\/wp\/v2\/pages"}],"about":[{"href":"https:\/\/movemaster.ee\/fi\/wp-json\/wp\/v2\/types\/page"}],"author":[{"embeddable":true,"href":"https:\/\/movemaster.ee\/fi\/wp-json\/wp\/v2\/users\/1"}],"replies":[{"embeddable":true,"href":"https:\/\/movemaster.ee\/fi\/wp-json\/wp\/v2\/comments?post=3375"}],"version-history":[{"count":4,"href":"https:\/\/movemaster.ee\/fi\/wp-json\/wp\/v2\/pages\/3375\/revisions"}],"predecessor-version":[{"id":4597,"href":"https:\/\/movemaster.ee\/fi\/wp-json\/wp\/v2\/pages\/3375\/revisions\/4597"}],"wp:attachment":[{"href":"https:\/\/movemaster.ee\/fi\/wp-json\/wp\/v2\/media?parent=3375"}],"curies":[{"name":"wp","href":"https:\/\/api.w.org\/{rel}","templated":true}]}}