{"id":3314,"date":"2016-09-07T03:58:36","date_gmt":"2016-09-07T03:58:36","guid":{"rendered":"https:\/\/movemaster.ee\/home-01\/"},"modified":"2023-02-07T14:11:33","modified_gmt":"2023-02-07T12:11:33","slug":"home-01","status":"publish","type":"page","link":"https:\/\/movemaster.ee\/fi\/","title":{"rendered":"Etusivu"},"content":{"rendered":"<p>[vc_row][vc_column][rev_slider_vc alias=&#8221;avaleht-fin&#8221;][\/vc_column][\/vc_row][vc_row layout=&#8221;container&#8221;][vc_column width=&#8221;1\/2&#8243; el_class=&#8221;col-sm-6 col-xs-12&#8243;][g5plus_space desktop=&#8221;70&#8243; tablet=&#8221;20&#8243; tablet_portrait=&#8221;20&#8243; mobile_landscape=&#8221;20&#8243; mobile=&#8221;20&#8243;][vc_raw_html]JTNDZGl2JTIwY2xhc3MlM0QlMjJnNXBsdXMtaGVhZGluZyUyMCUyMCUyMGhlYWRpbmctbGclMjBmcmFtZS0zNSUyMCUyMHRleHQtbGVmdCUyMGxpZ2h0JTIyJTNFJTBBJTA5JTNDZGl2JTIwY2xhc3MlM0QlMjJ0ZXh0LWhlYWRpbmclMjIlM0UlMEElMDklMDklM0NoMSUyMGNsYXNzJTNEJTIyaGVhZGluZy10aXRsZSUyMGZ3LWV4dHJhLWJvbGQlMjBjdXN0b21IZWFkaW5nSGVscGVyJTIyJTNFJTBBJTA5JTA5JTA5TWUlMjBvbGVtbWUlMjAlM0NiJTNFTW92ZW1hc3RlciUzQyUyRmIlM0UlMDklMDklM0MlMkZoMSUzRSUwQSUwOSUwOSUwOSUwOSUwOSUwOSUwOSUwOSUwOSUwOSUzQ2RpdiUyMGNsYXNzJTNEJTIyaGVhZGluZy1mcmFtZSUyMGZyYW1lLWNlbnRlciUyMiUyMHN0eWxlJTNEJTIyd2lkdGglM0E3MCUyNSUzQiUyMGJvcmRlci1jb2xvciUzQXJnYmElMjgwJTJDMCUyQzAlMkMwLjAzJTI5JTNCJTIyJTNFJTBBJTBBJTA5JTA5JTA5JTNDJTJGZGl2JTNFJTBBJTA5JTA5JTA5JTNDJTJGZGl2JTNFJTBBJTNDJTJGZGl2JTNF[\/vc_raw_html][vc_column_text el_class=&#8221;mg-top-25&#8243;]<strong>MoveMaster O\u00dc<\/strong>\u00a0on virolainen muuttoliike, jolla on kokenein ja luotettavin henkil\u00f6st\u00f6.[\/vc_column_text][g5plus_button layout=&#8221;bg-foreground&#8221; link=&#8221;url:https%3A%2F%2Fmovemaster.ee%2Ffi%2Fmeista%2F|title:Meist%C3%A4||&#8221; el_class=&#8221;mg-top-45&#8243;][\/vc_column][vc_column width=&#8221;1\/2&#8243; el_class=&#8221;mg-negative-top-70 sm-mg-top-40 col-sm-6 col-xs-12&#8243;][vc_column_text]\n<div class=\"wpcf7 no-js\" id=\"wpcf7-f3684-o1\" lang=\"et\" dir=\"ltr\">\n<div class=\"screen-reader-response\"><p role=\"status\" aria-live=\"polite\" aria-atomic=\"true\"><\/p> <ul><\/ul><\/div>\n<form action=\"\/fi\/wp-json\/wp\/v2\/pages\/3314#wpcf7-f3684-o1\" method=\"post\" class=\"wpcf7-form init\" aria-label=\"Contact form\" novalidate=\"novalidate\" data-status=\"init\">\n<div style=\"display: none;\">\n<input type=\"hidden\" name=\"_wpcf7\" value=\"3684\" \/>\n<input type=\"hidden\" name=\"_wpcf7_version\" value=\"5.9.4\" \/>\n<input type=\"hidden\" name=\"_wpcf7_locale\" value=\"et\" \/>\n<input type=\"hidden\" name=\"_wpcf7_unit_tag\" value=\"wpcf7-f3684-o1\" \/>\n<input type=\"hidden\" name=\"_wpcf7_container_post\" value=\"0\" \/>\n<input type=\"hidden\" name=\"_wpcf7_posted_data_hash\" value=\"\" \/>\n<input type=\"hidden\" name=\"_wpcf7_recaptcha_response\" value=\"\" \/>\n<\/div>\n<div class=\"moveco-contact-form form-box\">\n\t<div class=\"title-box\">\n\t\t<p><span>Ota yhteytt\u00e4<\/span>\n\t\t<\/p>\n\t<\/div>\n\t<div class=\"content-box\">\n\t\t<p><span class=\"wpcf7-form-control-wrap\" data-name=\"req_name\"><input size=\"40\" class=\"wpcf7-form-control wpcf7-text wpcf7-validates-as-required moveco-name\" aria-required=\"true\" aria-invalid=\"false\" placeholder=\"Nimi\" value=\"\" type=\"text\" name=\"req_name\" \/><\/span><br \/>\n<span class=\"wpcf7-form-control-wrap\" data-name=\"email\"><input size=\"40\" class=\"wpcf7-form-control wpcf7-email wpcf7-validates-as-required wpcf7-text wpcf7-validates-as-email moveco-email\" aria-required=\"true\" aria-invalid=\"false\" placeholder=\"S\u00e4hk\u00f6postiosoite\" value=\"\" type=\"email\" name=\"email\" \/><\/span><br \/>\n<span class=\"wpcf7-form-control-wrap\" data-name=\"telephone\"><input size=\"40\" class=\"wpcf7-form-control wpcf7-tel wpcf7-text wpcf7-validates-as-tel moveco-phone\" aria-invalid=\"false\" placeholder=\"Puhelin\" value=\"\" type=\"tel\" name=\"telephone\" \/><\/span><br \/>\n<span class=\"wpcf7-form-control-wrap\" data-name=\"description\"><textarea cols=\"40\" rows=\"10\" class=\"wpcf7-form-control wpcf7-textarea wpcf7-validates-as-required moveco-description\" aria-required=\"true\" aria-invalid=\"false\" placeholder=\"Kuvaus\" name=\"description\"><\/textarea><\/span>\n\t\t<\/p>\n\t\t<div class=\"form-group\" style=\"margin-top: 10px;\">\n\t\t<\/div>\n\t\t<p><input class=\"wpcf7-form-control wpcf7-submit has-spinner moveco-submit\" type=\"submit\" value=\"L\u00e4het\u00e4\" \/>\n\t\t<\/p>\n\t<\/div>\n<\/div><div class=\"wpcf7-response-output\" aria-hidden=\"true\"><\/div>\n<\/form>\n<\/div>\n[\/vc_column_text][\/vc_column][vc_column][g5plus_space desktop=&#8221;72&#8243; tablet=&#8221;70&#8243; tablet_portrait=&#8221;60&#8243; mobile_landscape=&#8221;50&#8243; mobile=&#8221;40&#8243;][\/vc_column][\/vc_row][vc_row css=&#8221;.vc_custom_1473757893014{background-image: url(https:\/\/movemaster.ee\/wp-content\/uploads\/2016\/08\/moveco-01.jpg?id=1729) !important;background-position: center !important;background-repeat: no-repeat !important;background-size: cover !important;}&#8221; el_class=&#8221;foreground-color-45 services-block rtl-rotate-background&#8221;][vc_column][vc_row_inner layout=&#8221;container-fluid&#8221; el_class=&#8221;rtl-rotate-background-return&#8221;][vc_column_inner el_class=&#8221;col-md-8 col-sm-12 pd-50-30&#8243; width=&#8221;2\/3&#8243; css=&#8221;.vc_custom_1473321151448{background-color: rgba(255,255,255,0.9) !important;*background-color: rgb(255,255,255) !important;}&#8221;][g5plus_icon_box layout=&#8221;icon-transparent&#8221; icon_position=&#8221;align-left&#8221; icon_size=&#8221;s-medium&#8221; icon_color=&#8221;ico-dark-color&#8221; icon_font=&#8221;flaticon-trolley&#8221; title=&#8221;Muutto Viron sis\u00e4ll\u00e4&#8221; description=&#8221;Oletpa sitten yksityishenkil\u00f6 tai yritys \u2013 muutamme Sinun omaisuutesi nopeasti, laadukkaasti ja edullisesti kaikkialle Viroon!&#8221; link=&#8221;url:http%3A%2F%2Fmovemaster.ee%2Ffi%2Fpalvelut%2Fmuutto-viron-sisalla%2F|||&#8221; el_class=&#8221;col-md-6&#8243;][g5plus_icon_box layout=&#8221;icon-transparent&#8221; icon_position=&#8221;align-left&#8221; icon_size=&#8221;s-medium&#8221; icon_color=&#8221;ico-dark-color&#8221; icon_font=&#8221;flaticon-trolley&#8221; title=&#8221;Kansainv\u00e4linen muutto&#8221; description=&#8221;Tarvitsetko luotettavaa ja laadukasta kansainv\u00e4list\u00e4 muuttopalvelua?<br \/>\nMe autamme Sinua!&#8221; link=&#8221;url:http%3A%2F%2Fmovemaster.ee%2Ffi%2Fpalvelut%2Fkansainvalinen-muutto%2F|||&#8221; el_class=&#8221;col-md-6 sm-mg-top-25&#8243;][g5plus_icon_box layout=&#8221;icon-transparent&#8221; icon_position=&#8221;align-left&#8221; icon_size=&#8221;s-medium&#8221; icon_color=&#8221;ico-dark-color&#8221; icon_font=&#8221;flaticon-trolley&#8221; title=&#8221;Toimistomuutot&#8221; description=&#8221;Suunnitteletko koko toimiston muuttoa talon sis\u00e4ll\u00e4 tai osoitteesta toiseen?<br \/>\nMe autamme sek\u00e4 pien- ett\u00e4 suuryrityksi\u00e4.&#8221; link=&#8221;url:http%3A%2F%2Fmovemaster.ee%2Ffi%2Fpalvelut%2Ftoimistomuutot%2F|||&#8221; el_class=&#8221;col-md-6 clear&#8221; css=&#8221;.vc_custom_1538030688170{margin-top: 25px !important;}&#8221;][g5plus_icon_box layout=&#8221;icon-transparent&#8221; icon_position=&#8221;align-left&#8221; icon_size=&#8221;s-medium&#8221; icon_color=&#8221;ico-dark-color&#8221; icon_font=&#8221;flaticon-trolley&#8221; title=&#8221;Raskaiden esineiden muutot&#8221; description=&#8221;Tarvitsetko raskaiden tai ylimittaisten esineiden turvallista muuttoa?<br \/>\nOlemme Sinulle varma valinta!&#8221; link=&#8221;url:http%3A%2F%2Fmovemaster.ee%2Ffi%2Fpalvelut%2Fraskaiden-esineiden-muutot%2F|||&#8221; el_class=&#8221;col-md-6&#8243; css=&#8221;.vc_custom_1538030695189{margin-top: 25px !important;}&#8221;][g5plus_icon_box layout=&#8221;icon-transparent&#8221; icon_position=&#8221;align-left&#8221; icon_size=&#8221;s-medium&#8221; icon_color=&#8221;ico-dark-color&#8221; icon_font=&#8221;flaticon-trolley&#8221; title=&#8221;Arkistomuutot&#8221; description=&#8221;Tarvitsetko arkiston muuttoa?<br \/>\nAutamme Sinua ilolla!&#8221; link=&#8221;url:http%3A%2F%2Fmovemaster.ee%2Ffi%2Fpalvelut%2Farkistomuutot%2F|||&#8221; el_class=&#8221;col-md-6&#8243; css=&#8221;.vc_custom_1538030702969{margin-top: 25px !important;}&#8221;][g5plus_icon_box layout=&#8221;icon-transparent&#8221; icon_position=&#8221;align-left&#8221; icon_size=&#8221;s-medium&#8221; icon_color=&#8221;ico-dark-color&#8221; icon_font=&#8221;flaticon-trolley&#8221; title=&#8221;Konkurssipesien muutot&#8221; description=&#8221;Eik\u00f6 ole tilaa konkurssipes\u00e4n s\u00e4ilytykseen?<br \/>\nMeill\u00e4 on olemassa siihen tarvittava ja turvallinen varastotila!&#8221; link=&#8221;url:http%3A%2F%2Fmovemaster.ee%2Ffi%2Fpalvelut%2Ftoimistomuutot%2F|||&#8221; el_class=&#8221;col-md-6&#8243; css=&#8221;.vc_custom_1538030711328{margin-top: 25px !important;}&#8221;][g5plus_icon_box layout=&#8221;icon-transparent&#8221; icon_position=&#8221;align-left&#8221; icon_size=&#8221;s-medium&#8221; icon_color=&#8221;ico-dark-color&#8221; icon_font=&#8221;flaticon-trolley&#8221; title=&#8221;Varastointi&#8221; description=&#8221;Tarvitsetko kalusteiden tai muiden esineiden varastointipaikkaa?<br \/>\nMeill\u00e4 on siihen sopiva varastotila!&#8221; link=&#8221;url:http%3A%2F%2Fmovemaster.ee%2Ffi%2Fpalvelut%2Fvarastointi%2F|||&#8221; el_class=&#8221;col-md-6&#8243; css=&#8221;.vc_custom_1538030725607{margin-top: 25px !important;}&#8221;][g5plus_icon_box layout=&#8221;icon-transparent&#8221; icon_position=&#8221;align-left&#8221; icon_size=&#8221;s-medium&#8221; icon_color=&#8221;ico-dark-color&#8221; icon_font=&#8221;flaticon-trolley&#8221; title=&#8221;Taidemuutot&#8221; description=&#8221;Haluatko kuljettaa arvokkaita taide-esineit\u00e4?<br \/>\nMeill\u00e4 on siihen tarvittavat taidot ja kokemus!&#8221; link=&#8221;url:http%3A%2F%2Fmovemaster.ee%2Ffi%2Fpalvelut%2Ftaidekuljetus%2F|||&#8221; el_class=&#8221;col-md-6&#8243; css=&#8221;.vc_custom_1538030737052{margin-top: 25px !important;}&#8221;][g5plus_icon_box layout=&#8221;icon-transparent&#8221; icon_position=&#8221;align-left&#8221; icon_size=&#8221;s-medium&#8221; icon_color=&#8221;ico-dark-color&#8221; icon_font=&#8221;flaticon-trolley&#8221; title=&#8221;Asennusty\u00f6t&#8221; description=&#8221;Onko kalusteiden asentaminen ja purkaminen usein hankalaa, aikaa viev\u00e4\u00e4 ja fyysist\u00e4 ponnistusta vaativaa?<br \/>\nMeid\u00e4n ty\u00f6miehemme selvi\u00e4v\u00e4t kaikkein hankalimpienkin kalustojen asennust\u00f6ist\u00e4.&#8221; link=&#8221;url:http%3A%2F%2Fmovemaster.ee%2Ffi%2Fpalvelut%2Fasennustyot%2F|||&#8221; el_class=&#8221;col-md-6&#8243; css=&#8221;.vc_custom_1538030745956{margin-top: 25px !important;}&#8221;][g5plus_icon_box layout=&#8221;icon-transparent&#8221; icon_position=&#8221;align-left&#8221; icon_size=&#8221;s-medium&#8221; icon_color=&#8221;ico-dark-color&#8221; icon_font=&#8221;flaticon-trolley&#8221; title=&#8221;Erikoiskuljetuspalvelu&#8221; description=&#8221;Tavaroittesi kuljetus on hankalaa tai kohdemaan lait ovat t\u00e4ynn\u00e4 k\u00e4sitt\u00e4m\u00e4tt\u00f6mi\u00e4 vaatimuksia?<br \/>\nMeid\u00e4n asiantuntijamme tuntevat vaatimukset ja lait ja takaavat tavaroittesi sujuvan kuljetuksen!&#8221; link=&#8221;url:http%3A%2F%2Fmovemaster.ee%2Ffi%2Fpalvelut%2Ferikoiskuljetuspalvelu%2F|||&#8221; el_class=&#8221;col-md-6&#8243; css=&#8221;.vc_custom_1538030758416{margin-top: 25px !important;}&#8221;][g5plus_icon_box layout=&#8221;icon-transparent&#8221; icon_position=&#8221;align-left&#8221; icon_size=&#8221;s-medium&#8221; icon_color=&#8221;ico-dark-color&#8221; icon_font=&#8221;flaticon-trolley&#8221; title=&#8221;Pakkausmateriaalin vuokraus ja myynti&#8221; description=&#8221;Tarvitsetko muuttoon laadukasta pakkausmateriaalia?<br \/>\nMeilt\u00e4 saat kaiken tarvittavan kuljetukseen ja muuttoon!&#8221; link=&#8221;url:http%3A%2F%2Fmovemaster.ee%2Ffi%2Fpalvelut%2Fpakkausmateriaalin-vuokraus-ja-myynti%2F|||&#8221; el_class=&#8221;col-md-6&#8243; css=&#8221;.vc_custom_1538030768546{margin-top: 25px !important;}&#8221;][g5plus_icon_box layout=&#8221;icon-transparent&#8221; icon_position=&#8221;align-left&#8221; icon_size=&#8221;s-medium&#8221; icon_color=&#8221;ico-dark-color&#8221; icon_font=&#8221;flaticon-trolley&#8221; title=&#8221;Pakkauspalvelu&#8221; description=&#8221;Onko Sinulla kiire tai t\u00e4ytyyk\u00f6 tavara pakata siten, ett\u00e4 l\u00e4hetys saapuu varmasti ehj\u00e4n\u00e4 perille? Tilaa laadukas pakkauspalvelu meilt\u00e4!&#8221; link=&#8221;url:http%3A%2F%2Fmovemaster.ee%2Ffi%2Fpalvelut%2Fpakkauspalvelu%2F|||&#8221; el_class=&#8221;col-md-6&#8243; css=&#8221;.vc_custom_1538030775274{margin-top: 25px !important;}&#8221;][g5plus_icon_box layout=&#8221;icon-transparent&#8221; icon_position=&#8221;align-left&#8221; icon_size=&#8221;s-medium&#8221; icon_color=&#8221;ico-dark-color&#8221; icon_font=&#8221;flaticon-trolley&#8221; title=&#8221;Muuttovakuutus&#8221; description=&#8221;Ovatko kuljetettavat tavarat herkki\u00e4 tai arvokkaita?<br \/>\nMeid\u00e4n jokainen muuttomme on vastuuvakuutettu.&#8221; link=&#8221;url:http%3A%2F%2Fmovemaster.ee%2Ffi%2Fpalvelut%2Fmuuttovakuutus%2F|||&#8221; el_class=&#8221;col-md-6&#8243; css=&#8221;.vc_custom_1538030784491{margin-top: 25px !important;}&#8221;][\/vc_column_inner][vc_column_inner width=&#8221;1\/3&#8243;][g5plus_heading title=&#8221;Palvelut&#8221; heading_full=&#8221;yes&#8221; align=&#8221;center&#8221; frame_color=&#8221;rgba(255,255,255,0.1)&#8221; frame_width=&#8221;80&#8243; frame_align=&#8221;frame-right&#8221;][vc_column_text css=&#8221;.vc_custom_1534497941594{margin-top: 40px !important;padding-left: 55px !important;}&#8221; el_class=&#8221;text-color-white&#8221;]<\/p>\n<p style=\"text-align: center;\">Ammattitaitoinen henkil\u00f6st\u00f6mme tekee muutosta Sinulle helpon ja nautittavan!<\/p>\n<p style=\"text-align: center;\">Tarjoamme laadukasta muuttopalvelua sek\u00e4 kansainv\u00e4lisesti ett\u00e4 Viron sis\u00e4ll\u00e4. Olemme Sinulle luotettava kumppani, joka tukeutuu pitk\u00e4\u00e4n kokemukseensa ja muuttoalan tietotaitoon.<\/p>\n<p>[\/vc_column_text][\/vc_column_inner][\/vc_row_inner][\/vc_column][\/vc_row][vc_row layout=&#8221;container&#8221; css=&#8221;.vc_custom_1472525365116{padding-top: 110px !important;padding-bottom: 110px !important;}&#8221;][vc_column width=&#8221;1\/3&#8243; el_class=&#8221;col-sm-6 col-md-4 sm-mg-top-25&#8243;][g5plus_counter title=&#8221;vuoden kokemus&#8221; end=&#8221;39&#8243; decimal=&#8221;&#8221; counter_style=&#8221;style-center&#8221; add_icon=&#8221;yes&#8221; icon_font=&#8221;flaticon-like&#8221;][\/vc_column][vc_column width=&#8221;1\/3&#8243; el_class=&#8221;col-sm-6 col-md-4 sm-mg-top-25&#8243;][g5plus_counter title=&#8221;suoritettua muuttoa&#8221; end=&#8221;6523&#8243; decimal=&#8221;&#8221; counter_style=&#8221;style-center&#8221; add_icon=&#8221;yes&#8221; icon_font=&#8221;flaticon-truck&#8221;][\/vc_column][vc_column width=&#8221;1\/3&#8243; el_class=&#8221;col-sm-6 col-md-4 sm-mg-top-25&#8243;][g5plus_counter title=&#8221;muuttojen kohdemaata&#8221; end=&#8221;147&#8243; decimal=&#8221;&#8221; counter_style=&#8221;style-center&#8221; add_icon=&#8221;yes&#8221; icon_font=&#8221;fa fa-globe&#8221;][\/vc_column][\/vc_row][vc_row overlay_mode=&#8221;color&#8221; overlay_color=&#8221;rgba(29,48,82,0.66)&#8221; css=&#8221;.vc_custom_1473221319461{background-image: url(https:\/\/movemaster.ee\/wp-content\/uploads\/2016\/08\/moveco-22.jpg?id=1750) !important;}&#8221; el_class=&#8221;text-center&#8221;][vc_column][vc_row_inner layout=&#8221;container&#8221;][vc_column_inner][g5plus_space desktop=&#8221;30&#8243; tablet=&#8221;30&#8243; tablet_portrait=&#8221;30&#8243; mobile_landscape=&#8221;30&#8243; mobile=&#8221;30&#8243;][g5plus_heading title=&#8221;MIKSI LUOTTAA MEIHIN?&#8221; heading_full=&#8221;&#8221; size=&#8221;md&#8221; align=&#8221;center&#8221; frame_color=&#8221;rgba(255,255,255,0.1)&#8221;][vc_column_text el_class=&#8221;text-color-white width-60-center&#8221; css=&#8221;.vc_custom_1534498351530{margin-bottom: 30px !important;}&#8221;]<\/p>\n<p style=\"text-align: center;\">Tarjoamme laadukasta muuttopalvelua sek\u00e4 kansainv\u00e4lisesti ett\u00e4 Viron sis\u00e4ll\u00e4. Olemme Sinulle luotettava kumppani, joka tukeutuu pitk\u00e4\u00e4n kokemukseensa ja muuttoalan tietotaitoon.<\/p>\n<p style=\"text-align: center;\">Kansainv\u00e4lisess\u00e4 muutossa luotettavan ja kokeneen kumppanin l\u00f6yt\u00e4minen on erityisen t\u00e4rke\u00e4\u00e4 ja siksi MoveMaster on Sinulle paras valinta.<\/p>\n<p style=\"text-align: center;\">Meill\u00e4 on paras maailmanlaajuinen kumppaniverkosto, johon luotamme ja jonka kanssa olemme tehneet yhteisty\u00f6t\u00e4 jo pitk\u00e4\u00e4n. Siksi palvelumme on ammattitaitoista ja nopeaa.<\/p>\n<p>[\/vc_column_text][g5plus_button link=&#8221;url:http%3A%2F%2Fmovemaster.ee%2Ffi%2Fyhteystiedot%2F|title:Ota%20yhteytt%C3%A4||&#8221;][g5plus_space desktop=&#8221;60&#8243; tablet=&#8221;60&#8243; tablet_portrait=&#8221;60&#8243; mobile_landscape=&#8221;50&#8243; mobile=&#8221;40&#8243;][\/vc_column_inner][\/vc_row_inner][\/vc_column][\/vc_row]<\/p>\n","protected":false},"excerpt":{"rendered":"<p>[vc_row][vc_column][rev_slider_vc alias=&#8221;avaleht-fin&#8221;][\/vc_column][\/vc_row][vc_row layout=&#8221;container&#8221;][vc_column width=&#8221;1\/2&#8243; el_class=&#8221;col-sm-6 col-xs-12&#8243;][g5plus_space desktop=&#8221;70&#8243; tablet=&#8221;20&#8243; tablet_portrait=&#8221;20&#8243; mobile_landscape=&#8221;20&#8243; mobile=&#8221;20&#8243;][vc_raw_html]JTNDZGl2JTIwY2xhc3MlM0QlMjJnNXBsdXMtaGVhZGluZyUyMCUyMCUyMGhlYWRpbmctbGclMjBmcmFtZS0zNSUyMCUyMHRleHQtbGVmdCUyMGxpZ2h0JTIyJTNFJTBBJTA5JTNDZGl2JTIwY2xhc3MlM0QlMjJ0ZXh0LWhlYWRpbmclMjIlM0UlMEElMDklMDklM0NoMSUyMGNsYXNzJTNEJTIyaGVhZGluZy10aXRsZSUyMGZ3LWV4dHJhLWJvbGQlMjBjdXN0b21IZWFkaW5nSGVscGVyJTIyJTNFJTBBJTA5JTA5JTA5TWUlMjBvbGVtbWUlMjAlM0NiJTNFTW92ZW1hc3RlciUzQyUyRmIlM0UlMDklMDklM0MlMkZoMSUzRSUwQSUwOSUwOSUwOSUwOSUwOSUwOSUwOSUwOSUwOSUwOSUzQ2RpdiUyMGNsYXNzJTNEJTIyaGVhZGluZy1mcmFtZSUyMGZyYW1lLWNlbnRlciUyMiUyMHN0eWxlJTNEJTIyd2lkdGglM0E3MCUyNSUzQiUyMGJvcmRlci1jb2xvciUzQXJnYmElMjgwJTJDMCUyQzAlMkMwLjAzJTI5JTNCJTIyJTNFJTBBJTBBJTA5JTA5JTA5JTNDJTJGZGl2JTNFJTBBJTA5JTA5JTA5JTNDJTJGZGl2JTNFJTBBJTNDJTJGZGl2JTNF[\/vc_raw_html][vc_column_text el_class=&#8221;mg-top-25&#8243;]MoveMaster O\u00dc\u00a0on virolainen muuttoliike, jolla on kokenein ja luotettavin henkil\u00f6st\u00f6.[\/vc_column_text][g5plus_button layout=&#8221;bg-foreground&#8221; link=&#8221;url:https%3A%2F%2Fmovemaster.ee%2Ffi%2Fmeista%2F|title:Meist%C3%A4||&#8221; el_class=&#8221;mg-top-45&#8243;][\/vc_column][vc_column width=&#8221;1\/2&#8243; el_class=&#8221;mg-negative-top-70 sm-mg-top-40 col-sm-6 col-xs-12&#8243;][vc_column_text][\/vc_column_text][\/vc_column][vc_column][g5plus_space desktop=&#8221;72&#8243; tablet=&#8221;70&#8243; tablet_portrait=&#8221;60&#8243; mobile_landscape=&#8221;50&#8243; mobile=&#8221;40&#8243;][\/vc_column][\/vc_row][vc_row css=&#8221;.vc_custom_1473757893014{background-image: url(https:\/\/movemaster.ee\/wp-content\/uploads\/2016\/08\/moveco-01.jpg?id=1729) !important;background-position: center !important;background-repeat: no-repeat !important;background-size: cover !important;}&#8221; el_class=&#8221;foreground-color-45 services-block rtl-rotate-background&#8221;][vc_column][vc_row_inner layout=&#8221;container-fluid&#8221; el_class=&#8221;rtl-rotate-background-return&#8221;][vc_column_inner el_class=&#8221;col-md-8 col-sm-12 pd-50-30&#8243; width=&#8221;2\/3&#8243; css=&#8221;.vc_custom_1473321151448{background-color: rgba(255,255,255,0.9) !important;*background-color: [&hellip;]<\/p>\n","protected":false},"author":1,"featured_media":0,"parent":0,"menu_order":0,"comment_status":"closed","ping_status":"closed","template":"","meta":{"footnotes":""},"yoast_head":"<!-- This site is optimized with the Yoast SEO plugin v22.7 - https:\/\/yoast.com\/wordpress\/plugins\/seo\/ -->\n<title>Etusivu - Movemaster<\/title>\n<meta name=\"description\" content=\"MoveMaster O\u00dc on Viron kokenein ja luotettavin muuttofirma. Laadukas muuttopalvelu kohtuulliseen hintaan. Soita meille: +372 5400 4000\" \/>\n<meta name=\"robots\" content=\"index, follow, max-snippet:-1, max-image-preview:large, max-video-preview:-1\" \/>\n<link rel=\"canonical\" href=\"https:\/\/movemaster.ee\/fi\/\" \/>\n<meta property=\"og:locale\" content=\"fi_FI\" \/>\n<meta property=\"og:type\" content=\"article\" \/>\n<meta property=\"og:title\" content=\"Etusivu - Movemaster\" \/>\n<meta property=\"og:description\" content=\"MoveMaster O\u00dc on Viron kokenein ja luotettavin muuttofirma. Laadukas muuttopalvelu kohtuulliseen hintaan. Soita meille: +372 5400 4000\" \/>\n<meta property=\"og:url\" content=\"https:\/\/movemaster.ee\/fi\/\" \/>\n<meta property=\"og:site_name\" content=\"Movemaster\" \/>\n<meta property=\"article:modified_time\" content=\"2023-02-07T12:11:33+00:00\" \/>\n<meta name=\"twitter:card\" content=\"summary_large_image\" \/>\n<meta name=\"twitter:label1\" content=\"Arvioitu lukuaika\" \/>\n\t<meta name=\"twitter:data1\" content=\"4 minuuttia\" \/>\n<script type=\"application\/ld+json\" class=\"yoast-schema-graph\">{\"@context\":\"https:\/\/schema.org\",\"@graph\":[{\"@type\":\"WebPage\",\"@id\":\"https:\/\/movemaster.ee\/fi\/\",\"url\":\"https:\/\/movemaster.ee\/fi\/\",\"name\":\"Etusivu - Movemaster\",\"isPartOf\":{\"@id\":\"https:\/\/movemaster.ee\/#website\"},\"datePublished\":\"2016-09-07T03:58:36+00:00\",\"dateModified\":\"2023-02-07T12:11:33+00:00\",\"description\":\"MoveMaster O\u00dc on Viron kokenein ja luotettavin muuttofirma. Laadukas muuttopalvelu kohtuulliseen hintaan. Soita meille: +372 5400 4000\",\"breadcrumb\":{\"@id\":\"https:\/\/movemaster.ee\/fi\/#breadcrumb\"},\"inLanguage\":\"fi\",\"potentialAction\":[{\"@type\":\"ReadAction\",\"target\":[\"https:\/\/movemaster.ee\/fi\/\"]}]},{\"@type\":\"BreadcrumbList\",\"@id\":\"https:\/\/movemaster.ee\/fi\/#breadcrumb\",\"itemListElement\":[{\"@type\":\"ListItem\",\"position\":1,\"name\":\"Home\",\"item\":\"https:\/\/movemaster.ee\/fi\/\"},{\"@type\":\"ListItem\",\"position\":2,\"name\":\"Etusivu\"}]},{\"@type\":\"WebSite\",\"@id\":\"https:\/\/movemaster.ee\/#website\",\"url\":\"https:\/\/movemaster.ee\/\",\"name\":\"Movemaster\",\"description\":\"\",\"potentialAction\":[{\"@type\":\"SearchAction\",\"target\":{\"@type\":\"EntryPoint\",\"urlTemplate\":\"https:\/\/movemaster.ee\/?s={search_term_string}\"},\"query-input\":\"required name=search_term_string\"}],\"inLanguage\":\"fi\"}]}<\/script>\n<!-- \/ Yoast SEO plugin. -->","yoast_head_json":{"title":"Etusivu - Movemaster","description":"MoveMaster O\u00dc on Viron kokenein ja luotettavin muuttofirma. Laadukas muuttopalvelu kohtuulliseen hintaan. Soita meille: +372 5400 4000","robots":{"index":"index","follow":"follow","max-snippet":"max-snippet:-1","max-image-preview":"max-image-preview:large","max-video-preview":"max-video-preview:-1"},"canonical":"https:\/\/movemaster.ee\/fi\/","og_locale":"fi_FI","og_type":"article","og_title":"Etusivu - Movemaster","og_description":"MoveMaster O\u00dc on Viron kokenein ja luotettavin muuttofirma. Laadukas muuttopalvelu kohtuulliseen hintaan. Soita meille: +372 5400 4000","og_url":"https:\/\/movemaster.ee\/fi\/","og_site_name":"Movemaster","article_modified_time":"2023-02-07T12:11:33+00:00","twitter_card":"summary_large_image","twitter_misc":{"Arvioitu lukuaika":"4 minuuttia"},"schema":{"@context":"https:\/\/schema.org","@graph":[{"@type":"WebPage","@id":"https:\/\/movemaster.ee\/fi\/","url":"https:\/\/movemaster.ee\/fi\/","name":"Etusivu - Movemaster","isPartOf":{"@id":"https:\/\/movemaster.ee\/#website"},"datePublished":"2016-09-07T03:58:36+00:00","dateModified":"2023-02-07T12:11:33+00:00","description":"MoveMaster O\u00dc on Viron kokenein ja luotettavin muuttofirma. Laadukas muuttopalvelu kohtuulliseen hintaan. Soita meille: +372 5400 4000","breadcrumb":{"@id":"https:\/\/movemaster.ee\/fi\/#breadcrumb"},"inLanguage":"fi","potentialAction":[{"@type":"ReadAction","target":["https:\/\/movemaster.ee\/fi\/"]}]},{"@type":"BreadcrumbList","@id":"https:\/\/movemaster.ee\/fi\/#breadcrumb","itemListElement":[{"@type":"ListItem","position":1,"name":"Home","item":"https:\/\/movemaster.ee\/fi\/"},{"@type":"ListItem","position":2,"name":"Etusivu"}]},{"@type":"WebSite","@id":"https:\/\/movemaster.ee\/#website","url":"https:\/\/movemaster.ee\/","name":"Movemaster","description":"","potentialAction":[{"@type":"SearchAction","target":{"@type":"EntryPoint","urlTemplate":"https:\/\/movemaster.ee\/?s={search_term_string}"},"query-input":"required name=search_term_string"}],"inLanguage":"fi"}]}},"_links":{"self":[{"href":"https:\/\/movemaster.ee\/fi\/wp-json\/wp\/v2\/pages\/3314"}],"collection":[{"href":"https:\/\/movemaster.ee\/fi\/wp-json\/wp\/v2\/pages"}],"about":[{"href":"https:\/\/movemaster.ee\/fi\/wp-json\/wp\/v2\/types\/page"}],"author":[{"embeddable":true,"href":"https:\/\/movemaster.ee\/fi\/wp-json\/wp\/v2\/users\/1"}],"replies":[{"embeddable":true,"href":"https:\/\/movemaster.ee\/fi\/wp-json\/wp\/v2\/comments?post=3314"}],"version-history":[{"count":11,"href":"https:\/\/movemaster.ee\/fi\/wp-json\/wp\/v2\/pages\/3314\/revisions"}],"predecessor-version":[{"id":4579,"href":"https:\/\/movemaster.ee\/fi\/wp-json\/wp\/v2\/pages\/3314\/revisions\/4579"}],"wp:attachment":[{"href":"https:\/\/movemaster.ee\/fi\/wp-json\/wp\/v2\/media?parent=3314"}],"curies":[{"name":"wp","href":"https:\/\/api.w.org\/{rel}","templated":true}]}}